{"id":163,"date":"2019-01-08T09:41:56","date_gmt":"2019-01-08T09:41:56","guid":{"rendered":"http:\/\/lesespacesrocroy.fr\/quienes-somos\/"},"modified":"2023-01-15T14:22:45","modified_gmt":"2023-01-15T14:22:45","slug":"quienes-somos","status":"publish","type":"page","link":"https:\/\/lesespacesrocroy.fr\/es\/quienes-somos\/","title":{"rendered":"Quienes somos?"},"content":{"rendered":"<section class=\"wpb-content-wrapper\"><p>[vc_row section_type=\u00bbalternate\u00bb type=\u00bbimage\u00bb bg_gradient=\u00bbyes\u00bb bg_position=\u00bbcenter\u00bb bg_position_horizontal=\u00bbcenter\u00bb bg_attachment=\u00bbtrue\u00bb enable_parallax=\u00bbfalse\u00bb bg_image=\u00bb893&#8243;][vc_column width=\u00bb1\/6&#8243;][\/vc_column][vc_column width=\u00bb2\/3&#8243;][vc_column_text]El espacio rocroy es una nueva generaci\u00f3n de centro de negocios en el coraz\u00f3n de par\u00eds. Propone nueve salas de reuniones de seminarios o de recepci\u00f3n, idealmente situadas entre la estaci\u00f3n del norte y la estaci\u00f3n del este.<\/p>\n<p>Cada sala fue concebida y pensada para que sus eventos puedan celebrarse en las mejores condiciones. Seg\u00fan el tipo de acontecimiento y el n\u00famero de personas, el espacio rocroy le propondr\u00e1 \u00ab package \u00bb llaves en mano.<\/p>\n<p>Encontrar\u00e1n puestos a su disposici\u00f3n todos los equipos multimedias (video proyector, tv plasma, altavoces, amplificador, micro, conexiones necesarias, wifi), y se les propondr\u00e1 contratar todos los servicios que har\u00e1n su acontecimiento un momento inolvidable (azafatas, desayunos, un especialista en comidas preparadas para almuerzos y cenas, c\u00f3cteles, espacio de descanso, el alojamiento).[\/vc_column_text][\/vc_column][vc_column width=\u00bb1\/6&#8243;][\/vc_column][\/vc_row][vc_row text_align=\u00bbcenter\u00bb][vc_column][vc_column_text]<\/p>\n<h3><strong>Nuestros espacios<\/strong> y sus opciones<\/h3>\n<p>Haga clic para acceder a la cartera de nuestros espacios[\/vc_column_text][vc_masonry_grid post_type=\u00bbsalle\u00bb max_items=\u00bb6&#8243; gap=\u00bb20&#8243; item=\u00bb101&#8243; grid_id=\u00bbvc_gid:1673791788006-df30056d-0553-3&#8243;][\/vc_column][\/vc_row][vc_row inner_container=\u00bbno\u00bb text_align=\u00bbcenter\u00bb section_type=\u00bbalternate\u00bb type=\u00bbimage\u00bb bg_color=\u00bb#35398e\u00bb bg_position=\u00bbcenter\u00bb bg_position_horizontal=\u00bbcenter\u00bb bg_repeat=\u00bbrepeat\u00bb bg_cover=\u00bbfalse\u00bb bg_attachment=\u00bbtrue\u00bb bg_image=\u00bb870&#8243;][vc_column width=\u00bb1\/6&#8243;][\/vc_column][vc_column width=\u00bb2\/3&#8243; css=\u00bb.vc_custom_1673612329871{padding-top: 40px !important;padding-right: 40px !important;padding-bottom: 40px !important;padding-left: 40px !important;background-color: rgba(255,255,255,0.9) !important;*background-color: rgb(255,255,255) !important;}\u00bb][vc_column_text text_color=\u00bb#000000&#8243;]<\/p>\n<h3><strong>Folleto<\/strong> commercial<\/h3>\n<p>Haga clic para ver nuestro folleto[\/vc_column_text][vc_single_image image=\u00bb183&#8243; img_size=\u00bblarge\u00bb alignment=\u00bbcenter\u00bb onclick=\u00bbcustom_link\u00bb img_link_target=\u00bb_blank\u00bb animation=\u00bbanimate-when-almost-visible\u00bb css_animation=\u00bbel-fade\u00bb link=\u00bbhttp:\/\/lesespacesrocroy.fr\/wp-content\/uploads\/2019\/01\/Brochure-les-Espaces-Rocroy-Francais.pdf\u00bb][\/vc_column][vc_column width=\u00bb1\/6&#8243;][\/vc_column][\/vc_row]<\/p>\n<\/section>","protected":false},"excerpt":{"rendered":"<p>[vc_row section_type=\u00bbalternate\u00bb type=\u00bbimage\u00bb bg_gradient=\u00bbyes\u00bb bg_position=\u00bbcenter\u00bb bg_position_horizontal=\u00bbcenter\u00bb bg_attachment=\u00bbtrue\u00bb enable_parallax=\u00bbfalse\u00bb bg_image=\u00bb893&#8243;][vc_column width=\u00bb1\/6&#8243;][\/vc_column][vc_column width=\u00bb2\/3&#8243;][vc_column_text]El espacio rocroy es una nueva generaci\u00f3n de centro de negocios en el coraz\u00f3n de par\u00eds. Propone nueve salas de reuniones de seminarios o de recepci\u00f3n, idealmente situadas entre la estaci\u00f3n del norte y la estaci\u00f3n del este. Cada sala fue concebida y pensada para que sus eventos puedan celebrarse [&hellip;]<\/p>\n","protected":false},"author":1,"featured_media":0,"parent":0,"menu_order":0,"comment_status":"closed","ping_status":"closed","template":"","meta":{"footnotes":""},"class_list":["post-163","page","type-page","status-publish","hentry"],"_links":{"self":[{"href":"https:\/\/lesespacesrocroy.fr\/es\/wp-json\/wp\/v2\/pages\/163","targetHints":{"allow":["GET"]}}],"collection":[{"href":"https:\/\/lesespacesrocroy.fr\/es\/wp-json\/wp\/v2\/pages"}],"about":[{"href":"https:\/\/lesespacesrocroy.fr\/es\/wp-json\/wp\/v2\/types\/page"}],"author":[{"embeddable":true,"href":"https:\/\/lesespacesrocroy.fr\/es\/wp-json\/wp\/v2\/users\/1"}],"replies":[{"embeddable":true,"href":"https:\/\/lesespacesrocroy.fr\/es\/wp-json\/wp\/v2\/comments?post=163"}],"version-history":[{"count":9,"href":"https:\/\/lesespacesrocroy.fr\/es\/wp-json\/wp\/v2\/pages\/163\/revisions"}],"predecessor-version":[{"id":902,"href":"https:\/\/lesespacesrocroy.fr\/es\/wp-json\/wp\/v2\/pages\/163\/revisions\/902"}],"wp:attachment":[{"href":"https:\/\/lesespacesrocroy.fr\/es\/wp-json\/wp\/v2\/media?parent=163"}],"curies":[{"name":"wp","href":"https:\/\/api.w.org\/{rel}","templated":true}]}}