{"id":167,"date":"2019-01-08T09:43:45","date_gmt":"2019-01-08T09:43:45","guid":{"rendered":"http:\/\/lesespacesrocroy.fr\/nuestros-servicios\/"},"modified":"2019-01-22T13:37:42","modified_gmt":"2019-01-22T13:37:42","slug":"nuestros-servicios","status":"publish","type":"page","link":"https:\/\/lesespacesrocroy.fr\/es\/nuestros-servicios\/","title":{"rendered":"Nuestros servicios"},"content":{"rendered":"<section class=\"wpb-content-wrapper\"><p>[vc_row text_align=\u00bbcenter\u00bb section_type=\u00bbalternate\u00bb type=\u00bbimage\u00bb bg_position=\u00bbcenter\u00bb bg_position_horizontal=\u00bbcenter\u00bb bg_attachment=\u00bbtrue\u00bb enable_parallax=\u00bbfalse\u00bb bg_image=\u00bb265&#8243;][vc_column][vc_column_text]<\/p>\n<h3><strong>El men\u00fa<\/strong> del almuerzo<\/h3>\n<p>[\/vc_column_text][vc_masonry_grid post_type=\u00bbids\u00bb item=\u00bb302&#8243; initial_loading_animation=\u00bbnone\u00bb grid_id=\u00bbvc_gid:1548164140837-2084b414-901c-8&#8243; include=\u00bb271, 273, 269&#8243;][vc_column_text]<\/p>\n<h3><strong>Rompe<\/strong><\/h3>\n<p>para empezar el d\u00eda o simplemente para sus tiempos de relajaci\u00f3n , le ofrecemos dos f\u00f3rmulas adaptadas.[\/vc_column_text][vc_row_inner][vc_column_inner width=\u00bb1\/2&#8243;][vc_single_image image=\u00bb710&#8243; img_size=\u00bbfull\u00bb alignment=\u00bbcenter\u00bb style=\u00bbvc_box_shadow\u00bb box_shadow=\u00bbyes\u00bb animation=\u00bbanimate-when-almost-visible\u00bb css_animation=\u00bbleft-to-right\u00bb][\/vc_column_inner][vc_column_inner width=\u00bb1\/2&#8243;][vc_single_image image=\u00bb713&#8243; img_size=\u00bbfull\u00bb alignment=\u00bbcenter\u00bb style=\u00bbvc_box_shadow\u00bb box_shadow=\u00bbyes\u00bb animation=\u00bbanimate-when-almost-visible\u00bb][\/vc_column_inner][\/vc_row_inner][\/vc_column][\/vc_row][vc_row text_align=\u00bbcenter\u00bb][vc_column][vc_column_text]<\/p>\n<h3><strong>Nuestro<\/strong> equipo<\/h3>\n<p>[\/vc_column_text][vc_row_inner][vc_column_inner width=\u00bb1\/3&#8243;]<div class=\"text-left\" style=\"padding: 0 10px;font-size: 16px\"><span class=\"flexbox-container flexbox-center flexbox-justify-left\"><i class=\"servicon icon-glass icon-2x\"><\/i>  <span class=\"kleo-icon-text\">Eau min\u00e9rale et verres<\/span><\/span><\/div><div class=\"text-left\" style=\"padding: 0 10px;font-size: 16px\"><span class=\"flexbox-container flexbox-center flexbox-justify-left\"><i class=\"servicon icon-pencil-1 icon-2x\"><\/i>  <span class=\"kleo-icon-text\">Papier et crayon<\/span><\/span><\/div>[\/vc_column_inner][vc_column_inner width=\u00bb1\/3&#8243;]<div class=\"text-left\" style=\"padding: 0 10px;font-size: 16px\"><span class=\"flexbox-container flexbox-center flexbox-justify-left\"><i class=\"servicon icon-picture-1 icon-2x\"><\/i>  <span class=\"kleo-icon-text\">Paperboards<\/span><\/span><\/div><div class=\"text-left\" style=\"padding: 0 10px;font-size: 16px\"><span class=\"flexbox-container flexbox-center flexbox-justify-left\"><i class=\"servicon icon-newspaper icon-2x\"><\/i>  <span class=\"kleo-icon-text\">Photocopieur<\/span><\/span><\/div><div class=\"text-left\" style=\"padding: 0 10px;font-size: 16px\"><span class=\"flexbox-container flexbox-center flexbox-justify-left\"><i class=\"servicon icon-wifi icon-2x\"><\/i>  <span class=\"kleo-icon-text\">Wifi gratuit<\/span><\/span><\/div>[\/vc_column_inner][vc_column_inner width=\u00bb1\/3&#8243;]<div class=\"text-left\" style=\"padding: 0 10px;font-size: 16px\"><span class=\"flexbox-container flexbox-center flexbox-justify-left\"><i class=\"servicon icon-laptop icon-2x\"><\/i>  <span class=\"kleo-icon-text\">Connexion internet avec prises rj<\/span><\/span><\/div><div class=\"text-left\" style=\"padding: 0 10px;font-size: 16px\"><span class=\"flexbox-container flexbox-center flexbox-justify-left\"><i class=\"servicon icon-video icon-2x\"><\/i>  <span class=\"kleo-icon-text\">Vid\u00e9oprojecteur<\/span><\/span><\/div>[\/vc_column_inner][\/vc_row_inner][\/vc_column][\/vc_row][vc_row content_placement=\u00bbmiddle\u00bb text_align=\u00bbcenter\u00bb section_type=\u00bbalternate\u00bb type=\u00bbimage\u00bb bg_gradient=\u00bbyes\u00bb bg_position=\u00bbcenter\u00bb bg_position_horizontal=\u00bbcenter\u00bb bg_attachment=\u00bbtrue\u00bb enable_parallax=\u00bbfalse\u00bb padding_top=\u00bb150&#8243; padding_bottom=\u00bb150&#8243; min_height=\u00bb\u00bb bg_image=\u00bb221&#8243;][vc_column width=\u00bb1\/4&#8243;][\/vc_column][vc_column width=\u00bb1\/2&#8243;][vc_column_text]<\/p>\n<h3><strong>Su<\/strong> presentadora<\/h3>\n<p>el espacio rocroy tambi\u00e9n le propone la disposici\u00f3n de una o de varias azafatas para atenderle , prestarle asistencia en el momento de su evento.<br \/>\nNo dude en ponerse en contacto con nosotros si desea informaci\u00f3n detallada o solicitar un presupuesto.[\/vc_column_text][\/vc_column][vc_column width=\u00bb1\/4&#8243;][\/vc_column][\/vc_row]<\/p>\n<\/section>","protected":false},"excerpt":{"rendered":"<p>[vc_row text_align=\u00bbcenter\u00bb section_type=\u00bbalternate\u00bb type=\u00bbimage\u00bb bg_position=\u00bbcenter\u00bb bg_position_horizontal=\u00bbcenter\u00bb bg_attachment=\u00bbtrue\u00bb enable_parallax=\u00bbfalse\u00bb bg_image=\u00bb265&#8243;][vc_column][vc_column_text] El men\u00fa del almuerzo [\/vc_column_text][vc_masonry_grid post_type=\u00bbids\u00bb item=\u00bb302&#8243; initial_loading_animation=\u00bbnone\u00bb grid_id=\u00bbvc_gid:1548164140837-2084b414-901c-8&#8243; include=\u00bb271, 273, 269&#8243;][vc_column_text] Rompe para empezar el d\u00eda o simplemente para sus tiempos de relajaci\u00f3n , le ofrecemos dos f\u00f3rmulas adaptadas.[\/vc_column_text][vc_row_inner][vc_column_inner width=\u00bb1\/2&#8243;][vc_single_image image=\u00bb710&#8243; img_size=\u00bbfull\u00bb alignment=\u00bbcenter\u00bb style=\u00bbvc_box_shadow\u00bb box_shadow=\u00bbyes\u00bb animation=\u00bbanimate-when-almost-visible\u00bb css_animation=\u00bbleft-to-right\u00bb][\/vc_column_inner][vc_column_inner width=\u00bb1\/2&#8243;][vc_single_image image=\u00bb713&#8243; img_size=\u00bbfull\u00bb alignment=\u00bbcenter\u00bb style=\u00bbvc_box_shadow\u00bb box_shadow=\u00bbyes\u00bb animation=\u00bbanimate-when-almost-visible\u00bb][\/vc_column_inner][\/vc_row_inner][\/vc_column][\/vc_row][vc_row text_align=\u00bbcenter\u00bb][vc_column][vc_column_text] Nuestro equipo [\/vc_column_text][vc_row_inner][vc_column_inner width=\u00bb1\/3&#8243;][\/vc_column_inner][vc_column_inner width=\u00bb1\/3&#8243;][\/vc_column_inner][vc_column_inner [&hellip;]<\/p>\n","protected":false},"author":1,"featured_media":0,"parent":0,"menu_order":0,"comment_status":"closed","ping_status":"closed","template":"","meta":{"footnotes":""},"class_list":["post-167","page","type-page","status-publish","hentry"],"_links":{"self":[{"href":"https:\/\/lesespacesrocroy.fr\/es\/wp-json\/wp\/v2\/pages\/167","targetHints":{"allow":["GET"]}}],"collection":[{"href":"https:\/\/lesespacesrocroy.fr\/es\/wp-json\/wp\/v2\/pages"}],"about":[{"href":"https:\/\/lesespacesrocroy.fr\/es\/wp-json\/wp\/v2\/types\/page"}],"author":[{"embeddable":true,"href":"https:\/\/lesespacesrocroy.fr\/es\/wp-json\/wp\/v2\/users\/1"}],"replies":[{"embeddable":true,"href":"https:\/\/lesespacesrocroy.fr\/es\/wp-json\/wp\/v2\/comments?post=167"}],"version-history":[{"count":5,"href":"https:\/\/lesespacesrocroy.fr\/es\/wp-json\/wp\/v2\/pages\/167\/revisions"}],"predecessor-version":[{"id":717,"href":"https:\/\/lesespacesrocroy.fr\/es\/wp-json\/wp\/v2\/pages\/167\/revisions\/717"}],"wp:attachment":[{"href":"https:\/\/lesespacesrocroy.fr\/es\/wp-json\/wp\/v2\/media?parent=167"}],"curies":[{"name":"wp","href":"https:\/\/api.w.org\/{rel}","templated":true}]}}