{"id":687,"date":"2019-01-22T08:41:23","date_gmt":"2019-01-22T08:41:23","guid":{"rendered":"http:\/\/lesespacesrocroy.fr\/initio\/"},"modified":"2023-01-15T13:44:03","modified_gmt":"2023-01-15T13:44:03","slug":"initio","status":"publish","type":"page","link":"https:\/\/lesespacesrocroy.fr\/es\/","title":{"rendered":"Initio"},"content":{"rendered":"<section class=\"wpb-content-wrapper\"><p>[vc_row content_placement=\u00bbmiddle\u00bb text_align=\u00bbcenter\u00bb type=\u00bbimage\u00bb bg_repeat=\u00bbrepeat-y\u00bb bg_cover=\u00bbfalse\u00bb padding_left=\u00bb20&#8243; padding_right=\u00bb20&#8243;][vc_column css_animation=\u00bbfadeIn\u00bb width=\u00bb1\/4&#8243;][vc_single_image image=\u00bb876&#8243; alignment=\u00bbcenter\u00bb el_class=\u00bblosange\u00bb][\/vc_column][vc_column width=\u00bb1\/2&#8243;][vc_column_text]<\/p>\n<h3><strong> En el coraz\u00f3n <\/strong> de paris<\/h3>\n<h4>Nueva visi\u00f3n del centro de negocios<\/h4>\n<p>Dise\u00f1o moderno y agradable.<\/p>\n<h4>Espacios modulares<\/h4>\n<p>Arreglo, configuraci\u00f3n y decoraci\u00f3n ef\u00edmera.<\/p>\n<h4>Equipos y servicios<\/h4>\n<p>Wifi, proyectores de video, cables y conexiones.<\/p>\n<h4>Servicios a la carta<\/h4>\n<p>Azafata, caf\u00e9 de bienvenida, desayuno, descanso, alojamiento.[\/vc_column_text][\/vc_column][vc_column width=\u00bb1\/4&#8243;][vc_single_image image=\u00bb876&#8243; alignment=\u00bbcenter\u00bb el_class=\u00bblosange\u00bb][\/vc_column][\/vc_row][vc_row inner_container=\u00bbno\u00bb text_align=\u00bbcenter\u00bb section_type=\u00bbalternate\u00bb type=\u00bbimage\u00bb bg_color=\u00bb#35398e\u00bb bg_position=\u00bbcenter\u00bb bg_position_horizontal=\u00bbcenter\u00bb bg_repeat=\u00bbrepeat\u00bb bg_cover=\u00bbfalse\u00bb bg_attachment=\u00bbtrue\u00bb bg_image=\u00bb870&#8243;][vc_column width=\u00bb1\/6&#8243;][\/vc_column][vc_column width=\u00bb2\/3&#8243; css=\u00bb.vc_custom_1673612329871{padding-top: 40px !important;padding-right: 40px !important;padding-bottom: 40px !important;padding-left: 40px !important;background-color: rgba(255,255,255,0.9) !important;*background-color: rgb(255,255,255) !important;}\u00bb][vc_column_text text_color=\u00bb#000000&#8243;]<\/p>\n<h3><strong>Folleto <\/strong> comercial<\/h3>\n<p>haga clic para ver nuestro folleto[\/vc_column_text][vc_single_image image=\u00bb183&#8243; img_size=\u00bblarge\u00bb alignment=\u00bbcenter\u00bb onclick=\u00bbcustom_link\u00bb img_link_target=\u00bb_blank\u00bb animation=\u00bbanimate-when-almost-visible\u00bb css_animation=\u00bbel-fade\u00bb link=\u00bbhttp:\/\/lesespacesrocroy.fr\/wp-content\/uploads\/2019\/01\/Brochure-les-Espaces-Rocroy-Francais.pdf\u00bb][\/vc_column][vc_column width=\u00bb1\/6&#8243;][\/vc_column][\/vc_row][vc_row text_align=\u00bbcenter\u00bb][vc_column][vc_column_text]<\/p>\n<h3>Nuestros espacios y sus opciones.<\/h3>\n<p>[\/vc_column_text][vc_masonry_grid post_type=\u00bbsalle\u00bb max_items=\u00bb6&#8243; gap=\u00bb20&#8243; item=\u00bb101&#8243; grid_id=\u00bbvc_gid:1673613917144-e78b6080-b8c8-1&#8243;][\/vc_column][\/vc_row][vc_row inner_container=\u00bbno\u00bb text_align=\u00bbcenter\u00bb section_type=\u00bbalternate\u00bb type=\u00bbimage\u00bb bg_color=\u00bb#35398e\u00bb bg_position=\u00bbcenter\u00bb bg_position_horizontal=\u00bbcenter\u00bb bg_repeat=\u00bbrepeat\u00bb bg_cover=\u00bbfalse\u00bb bg_attachment=\u00bbtrue\u00bb bg_image=\u00bb870&#8243;][vc_column][vc_raw_html el_class=\u00bbleframe\u00bb]PGRpdiBjbGFzcz0iYXpvb20taWZyYW1lLWNvbnRhaW5lciI+PGlmcmFtZSBjbGFzcz0idmlzaXQiIHNyYz0iaHR0cHM6Ly93d3cuZ29vZ2xlLmNvbS9tYXBzL2VtYmVkP3BiPSExbTAhM20yITFzZnIhMnN1cyE0djE0NzI1NzI2MjAyMzUhNm04ITFtNyExc0ZnYTlfcGtjenV3QUFBUW84WDdvYmchMm0yITFkNDguODc5NDAxMDM5MTA5MzUhMmQyLjM1MDcxOTM5NjgyMzU5MiEzZjI3LjI5ITRmLTI3LjQyITVmMC40MDAwMDAwMDAwMDAwMDAyIj48L2lmcmFtZT48L2Rpdj4=[\/vc_raw_html][\/vc_column][\/vc_row]<\/p>\n<\/section>","protected":false},"excerpt":{"rendered":"<p>[vc_row content_placement=\u00bbmiddle\u00bb text_align=\u00bbcenter\u00bb type=\u00bbimage\u00bb bg_repeat=\u00bbrepeat-y\u00bb bg_cover=\u00bbfalse\u00bb padding_left=\u00bb20&#8243; padding_right=\u00bb20&#8243;][vc_column css_animation=\u00bbfadeIn\u00bb width=\u00bb1\/4&#8243;][vc_single_image image=\u00bb876&#8243; alignment=\u00bbcenter\u00bb el_class=\u00bblosange\u00bb][\/vc_column][vc_column width=\u00bb1\/2&#8243;][vc_column_text] En el coraz\u00f3n de paris Nueva visi\u00f3n del centro de negocios Dise\u00f1o moderno y agradable. Espacios modulares Arreglo, configuraci\u00f3n y decoraci\u00f3n ef\u00edmera. Equipos y servicios Wifi, proyectores de video, cables y conexiones. Servicios a la carta Azafata, caf\u00e9 de bienvenida, desayuno, descanso, alojamiento.[\/vc_column_text][\/vc_column][vc_column width=\u00bb1\/4&#8243;][vc_single_image image=\u00bb876&#8243; alignment=\u00bbcenter\u00bb [&hellip;]<\/p>\n","protected":false},"author":1,"featured_media":0,"parent":0,"menu_order":0,"comment_status":"closed","ping_status":"closed","template":"","meta":{"footnotes":""},"class_list":["post-687","page","type-page","status-publish","hentry"],"_links":{"self":[{"href":"https:\/\/lesespacesrocroy.fr\/es\/wp-json\/wp\/v2\/pages\/687","targetHints":{"allow":["GET"]}}],"collection":[{"href":"https:\/\/lesespacesrocroy.fr\/es\/wp-json\/wp\/v2\/pages"}],"about":[{"href":"https:\/\/lesespacesrocroy.fr\/es\/wp-json\/wp\/v2\/types\/page"}],"author":[{"embeddable":true,"href":"https:\/\/lesespacesrocroy.fr\/es\/wp-json\/wp\/v2\/users\/1"}],"replies":[{"embeddable":true,"href":"https:\/\/lesespacesrocroy.fr\/es\/wp-json\/wp\/v2\/comments?post=687"}],"version-history":[{"count":8,"href":"https:\/\/lesespacesrocroy.fr\/es\/wp-json\/wp\/v2\/pages\/687\/revisions"}],"predecessor-version":[{"id":887,"href":"https:\/\/lesespacesrocroy.fr\/es\/wp-json\/wp\/v2\/pages\/687\/revisions\/887"}],"wp:attachment":[{"href":"https:\/\/lesespacesrocroy.fr\/es\/wp-json\/wp\/v2\/media?parent=687"}],"curies":[{"name":"wp","href":"https:\/\/api.w.org\/{rel}","templated":true}]}}